{"id":836,"date":"2025-01-31T14:04:52","date_gmt":"2025-01-31T14:04:52","guid":{"rendered":"https:\/\/tsv.fund\/?page_id=836"},"modified":"2025-02-04T13:25:57","modified_gmt":"2025-02-04T13:25:57","slug":"b2bee","status":"publish","type":"page","link":"https:\/\/tsv.fund\/sr\/investments\/b2bee\/","title":{"rendered":"B2bee"},"content":{"rendered":"<p><div class=\"fusion-fullwidth fullwidth-box fusion-builder-row-1 fusion-flex-container nonhundred-percent-fullwidth non-hundred-percent-height-scrolling\" style=\"background-color: rgba(255,255,255,0);background-position: center center;background-repeat: no-repeat;border-width: 0px 0px 0px 0px;border-color:#e2e2e2;border-style:solid;\" ><div class=\"fusion-builder-row fusion-row fusion-flex-align-items-flex-start\" style=\"max-width:1248px;margin-left: calc(-4% \/ 2 );margin-right: calc(-4% \/ 2 );\"><div class=\"fusion-layout-column fusion_builder_column fusion-builder-column-0 fusion_builder_column_1_1 1_1 fusion-flex-column fusion-flex-align-self-flex-start home-hero about-us-hero\" id=\"home-hero\"><div class=\"fusion-column-wrapper lazyload fusion-flex-justify-content-flex-start fusion-content-layout-column\" style=\"background-position:center bottom;background-repeat:no-repeat;-webkit-background-size:cover;-moz-background-size:cover;-o-background-size:cover;background-size:cover;padding: 0px 0px 0px 0px;\" data-bg-url=\"https:\/\/tsv.fund\/wp-content\/uploads\/2021\/12\/about-us-hero.png\" data-bg=\"https:\/\/tsv.fund\/wp-content\/uploads\/2021\/12\/about-us-hero.png\"><style type=\"text\/css\">@media only screen and (max-width:1024px) {.fusion-title.fusion-title-1{margin-top:10px!important; margin-right:0px!important;margin-bottom:15px!important;margin-left:0px!important;}}@media only screen and (max-width:640px) {.fusion-title.fusion-title-1{margin-top:10px!important; margin-right:0px!important;margin-bottom:10px!important; margin-left:0px!important;}}<\/style><div class=\"fusion-title title fusion-title-1 fusion-sep-none fusion-title-text fusion-title-size-one\" style=\"margin-top:10px;margin-right:0px;margin-bottom:15px;margin-left:0px;\" id=\"hero-header\"><h1 class=\"title-heading-left\" style=\"margin:0;color:#ffffff;\"><h1 style=\"text-align: center;\">Investicije TS Ventures Fonda.<\/h1><\/h1><\/div><\/div><style type=\"text\/css\">.fusion-body .fusion-builder-column-0{width:100% !important;margin-top : 0px;margin-bottom : 20px;}.fusion-builder-column-0 > .fusion-column-wrapper {padding-top : 0px !important;padding-right : 0px !important;margin-right : 1.92%;padding-bottom : 0px !important;padding-left : 0px !important;margin-left : 1.92%;}@media only screen and (max-width:1024px) {.fusion-body .fusion-builder-column-0{width:100% !important;order : 0;}.fusion-builder-column-0 > .fusion-column-wrapper {margin-right : 1.92%;margin-left : 1.92%;}}@media only screen and (max-width:640px) {.fusion-body .fusion-builder-column-0{width:100% !important;order : 0;}.fusion-builder-column-0 > .fusion-column-wrapper {margin-right : 1.92%;margin-left : 1.92%;}}<\/style><\/div><\/div><style type=\"text\/css\">.fusion-body .fusion-flex-container.fusion-builder-row-1{ padding-top : 0px;margin-top : 0px;padding-right : 0px;padding-bottom : 0px;margin-bottom : 0px;padding-left : 0px;}<\/style><\/div><div class=\"fusion-fullwidth fullwidth-box fusion-builder-row-2 fusion-flex-container my-width-container investments_main_section nonhundred-percent-fullwidth non-hundred-percent-height-scrolling\" style=\"background-color: rgba(255,255,255,0);background-position: center center;background-repeat: no-repeat;border-width: 0px 0px 0px 0px;border-color:#e2e2e2;border-style:solid;\" id=\"investments-section\" ><div class=\"fusion-builder-row fusion-row fusion-flex-align-items-flex-start\" style=\"max-width:calc( 1200px + 30px );margin-left: calc(-30px \/ 2 );margin-right: calc(-30px \/ 2 );\"><div class=\"fusion-layout-column fusion_builder_column fusion-builder-column-1 fusion_builder_column_1_1 1_1 fusion-flex-column\"><div class=\"fusion-column-wrapper fusion-flex-justify-content-flex-start fusion-content-layout-column\" style=\"background-position:left top;background-repeat:no-repeat;-webkit-background-size:cover;-moz-background-size:cover;-o-background-size:cover;background-size:cover;padding: 0px 0px 0px 0px;\"><div style=\"text-align:center;\"><span class=\"fusion-imageframe imageframe-none imageframe-1 hover-type-none\"><img width=\"300\" height=\"300\" title=\"IMG_4609\" src=\"https:\/\/tsv.fund\/wp-content\/uploads\/2025\/01\/IMG_4609.png\" data-orig-src=\"https:\/\/tsv.fund\/wp-content\/uploads\/2025\/01\/IMG_4609-300x300.png\" alt class=\"lazyload img-responsive wp-image-829\" srcset=\"data:image\/svg+xml,%3Csvg%20xmlns%3D%27http%3A%2F%2Fwww.w3.org%2F2000%2Fsvg%27%20width%3D%272000%27%20height%3D%272000%27%20viewBox%3D%270%200%202000%202000%27%3E%3Crect%20width%3D%272000%27%20height%3D%272000%27%20fill-opacity%3D%220%22%2F%3E%3C%2Fsvg%3E\" data-srcset=\"https:\/\/tsv.fund\/wp-content\/uploads\/2025\/01\/IMG_4609-200x200.png 200w, https:\/\/tsv.fund\/wp-content\/uploads\/2025\/01\/IMG_4609-400x400.png 400w, https:\/\/tsv.fund\/wp-content\/uploads\/2025\/01\/IMG_4609-600x600.png 600w, https:\/\/tsv.fund\/wp-content\/uploads\/2025\/01\/IMG_4609-800x800.png 800w, https:\/\/tsv.fund\/wp-content\/uploads\/2025\/01\/IMG_4609-1200x1200.png 1200w\" data-sizes=\"auto\" data-orig-sizes=\"(max-width: 640px) 100vw, 1200px\" \/><\/span><\/div><div class=\"investments_block_holder\">\n\t<div class=\"investments_content\">\n        <ul>\n            <li>Platforma sa AI za automatizaciju veleprodajnih procesa.<\/li>\n            <li>Besprekorno ERP povezivanje za ve\u0107u efikasnost.<\/li>\n            <li>Pra\u0107enje skladi\u0161ta u realnom vremenu i brza obrada narud\u017ebi.<\/li>\n            <li>Napredno GPS pra\u0107enje za optimizaciju ruta.<\/li>\n            <li>Cloud sistem sa sigurnom i brzom komunikacijom.<\/li>\n        <\/ul>\n        <strong>PRESS:<\/strong><br>\n        <ul>\n            <li><a href=\"https:\/\/www.blic.rs\/biznis\/tech\/investicije-koje-oblikuju-buducnost-ts-ventures-fond-podrzao-getafeel-i-b2bee\/8n63ndt\" target=\"_blank\">https:\/\/www.blic.rs\/biznis\/tech\/investicije-koje-oblikuju-buducnost-ts-ventures-fond-podrzao-getafeel-i-b2bee\/8n63ndt<\/a><\/li>\n            <li><a href=\"https:\/\/ekspres.net\/biznis\/investicije-koje-oblikuju-buducnost-ts-ventures-fond-podrzao-getafeel-i-b2bee-31-1-2025\" target=\"_blank\">https:\/\/ekspres.net\/biznis\/investicije-koje-oblikuju-buducnost-ts-ventures-fond-podrzao-getafeel-i-b2bee-31-1-2025<\/a><\/li>\n            <li><a href=\"https:\/\/www.nedeljnik.rs\/investicije-koje-oblikuju-buducnost-ts-ventures-fond-podrzao-getafeel-i-b2bee\/\" target=\"_blank\">https:\/\/www.nedeljnik.rs\/investicije-koje-oblikuju-buducnost-ts-ventures-fond-podrzao-getafeel-i-b2bee\/<\/a><\/li>\n            <li><a href=\"https:\/\/fonet.rs\/ostalo\/promo\/36611326\/investicije-koje-oblikuju-buducnost-.html\" target=\"_blank\">https:\/\/fonet.rs\/ostalo\/promo\/36611326\/investicije-koje-oblikuju-buducnost-.html<\/a><\/li>\n            <li><a href=\"https:\/\/ddl.rs\/info\/investicije-koje-oblikuju-buducnost-ts-ventures-fond-podrzao-getafeel-i-b2bee\/\" target=\"_blank\">https:\/\/ddl.rs\/info\/investicije-koje-oblikuju-buducnost-ts-ventures-fond-podrzao-getafeel-i-b2bee\/<\/a><\/li>\n            <li><a href=\"https:\/\/fermarket.rs\/getafeel-i-b2bee\/\" target=\"_blank\">https:\/\/fermarket.rs\/getafeel-i-b2bee\/<\/a><\/li>\n            <li><a href=\"https:\/\/naslovi.net\/2025-01-31\/blic\/ts-ventures-fond-upravo-je-odabrao-nova-dva-startapa-za-investicije-evo-cime-su-ga-kupili\/38881897\" target=\"_blank\">https:\/\/naslovi.net\/2025-01-31\/blic\/ts-ventures-fond-upravo-je-odabrao-nova-dva-startapa-za-investicije-evo-cime-su-ga-kupili\/38881897<\/a><\/li>\n        <\/ul>\n   \n        <strong>WEBSITE & LN:<\/strong>\n\t<\/div>\n\t<div class=\"investments_social\">\n\t\t\t<a href=\"https:\/\/www.b2bee.rs\/#intro\" target=\"_blank\"><i class='fas fa-globe' style='font-size:30px'><\/i><\/a>\n\t\t\t<a href=\"https:\/\/www.linkedin.com\/company\/b2bee-ebusiness\/ \" target=\"_blank\"><i class='fab fa-linkedin' style='font-size:30px'><\/i><\/a>\t\t\n\t<\/div>\n<\/div>\n\n<\/div><style type=\"text\/css\">.fusion-body .fusion-builder-column-1{width:100% !important;margin-top : 0px;margin-bottom : 20px;}.fusion-builder-column-1 > .fusion-column-wrapper {padding-top : 0px !important;padding-right : 0px !important;margin-right : 15px;padding-bottom : 0px !important;padding-left : 0px !important;margin-left : 15px;}@media only screen and (max-width:1024px) {.fusion-body .fusion-builder-column-1{width:100% !important;order : 0;}.fusion-builder-column-1 > .fusion-column-wrapper {margin-right : 15px;margin-left : 15px;}}@media only screen and (max-width:640px) {.fusion-body .fusion-builder-column-1{width:100% !important;order : 0;}.fusion-builder-column-1 > .fusion-column-wrapper {margin-right : 15px;margin-left : 15px;}}<\/style><\/div><\/div><style type=\"text\/css\">.fusion-body .fusion-flex-container.fusion-builder-row-2{ padding-top : 0px;margin-top : -50px;padding-right : 0px;padding-bottom : 0px;margin-bottom : 0px;padding-left : 0px;}<\/style><\/div><div class=\"fusion-fullwidth fullwidth-box fusion-builder-row-3 fusion-flex-container trusties-container nonhundred-percent-fullwidth non-hundred-percent-height-scrolling\" style=\"background-color: rgba(255,255,255,0);background-position: center center;background-repeat: no-repeat;border-width: 0px 0px 0px 0px;border-color:#e2e2e2;border-style:solid;\" ><div class=\"fusion-builder-row fusion-row fusion-flex-align-items-flex-start\" style=\"max-width:1248px;margin-left: calc(-4% \/ 2 );margin-right: calc(-4% \/ 2 );\"><div class=\"fusion-layout-column fusion_builder_column fusion-builder-column-2 fusion_builder_column_1_1 1_1 fusion-flex-column\"><div class=\"fusion-column-wrapper fusion-flex-justify-content-flex-start fusion-content-layout-column\" style=\"background-position:left top;background-repeat:no-repeat;-webkit-background-size:cover;-moz-background-size:cover;-o-background-size:cover;background-size:cover;padding: 0px 0px 0px 0px;\"><div class=\"trusties-box\">\n  <h2 class=\"colored-heading\">Our trusties<\/h2>\n  <div class=\"logos-flex\">\n    <div class=\"one-logo\">\n        <img class=\"lazyload\" src=\"data:image\/gif;base64,R0lGODlhAQABAAAAACH5BAEKAAEALAAAAAABAAEAAAICTAEAOw==\" data-orig-src=\"..\/wp-content\/uploads\/2021\/12\/logo-01.png\" alt=\"\" \/>\n    <\/div>\n\t<div class=\"one-logo\">\n        <img class=\"lazyload\" src=\"data:image\/gif;base64,R0lGODlhAQABAAAAACH5BAEKAAEALAAAAAABAAEAAAICTAEAOw==\" data-orig-src=\"..\/wp-content\/uploads\/2021\/12\/logo-03.png\" alt=\"\" \/>\n    <\/div>\n\t<div class=\"one-logo\">\n        <img class=\"lazyload\" src=\"data:image\/gif;base64,R0lGODlhAQABAAAAACH5BAEKAAEALAAAAAABAAEAAAICTAEAOw==\" data-orig-src=\"..\/wp-content\/uploads\/2021\/12\/logo-04.png\" alt=\"\" \/>\n    <\/div>\n\t<div class=\"one-logo\">\n        <img class=\"lazyload\" src=\"data:image\/gif;base64,R0lGODlhAQABAAAAACH5BAEKAAEALAAAAAABAAEAAAICTAEAOw==\" data-orig-src=\"..\/wp-content\/uploads\/2021\/12\/logo-05.png\" alt=\"\" \/>\n    <\/div>\n\t<div class=\"one-logo\">\n        <img class=\"lazyload\" src=\"data:image\/gif;base64,R0lGODlhAQABAAAAACH5BAEKAAEALAAAAAABAAEAAAICTAEAOw==\" data-orig-src=\"..\/wp-content\/uploads\/2021\/12\/logo-07.png\" alt=\"\" \/>\n    <\/div>\n\t<div class=\"one-logo\">\n        <img class=\"lazyload\" src=\"data:image\/gif;base64,R0lGODlhAQABAAAAACH5BAEKAAEALAAAAAABAAEAAAICTAEAOw==\" data-orig-src=\"..\/wp-content\/uploads\/2021\/12\/logo-13.png\" alt=\"\" \/>\n    <\/div>\n  <\/div>\n<\/div><\/div><style type=\"text\/css\">.fusion-body .fusion-builder-column-2{width:100% !important;margin-top : 0px;margin-bottom : 20px;}.fusion-builder-column-2 > .fusion-column-wrapper {padding-top : 0px !important;padding-right : 0px !important;margin-right : 1.92%;padding-bottom : 0px !important;padding-left : 0px !important;margin-left : 1.92%;}@media only screen and (max-width:1024px) {.fusion-body .fusion-builder-column-2{width:100% !important;order : 0;}.fusion-builder-column-2 > .fusion-column-wrapper {margin-right : 1.92%;margin-left : 1.92%;}}@media only screen and (max-width:640px) {.fusion-body .fusion-builder-column-2{width:100% !important;order : 0;}.fusion-builder-column-2 > .fusion-column-wrapper {margin-right : 1.92%;margin-left : 1.92%;}}<\/style><\/div><\/div><style type=\"text\/css\">.fusion-body .fusion-flex-container.fusion-builder-row-3{ padding-top : 0px;margin-top : 0px;padding-right : 0px;padding-bottom : 0px;margin-bottom : 0px;padding-left : 0px;}<\/style><\/div><\/p>","protected":false},"excerpt":{"rendered":"","protected":false},"author":2,"featured_media":0,"parent":539,"menu_order":0,"comment_status":"closed","ping_status":"closed","template":"","meta":[],"_links":{"self":[{"href":"https:\/\/tsv.fund\/sr\/wp-json\/wp\/v2\/pages\/836"}],"collection":[{"href":"https:\/\/tsv.fund\/sr\/wp-json\/wp\/v2\/pages"}],"about":[{"href":"https:\/\/tsv.fund\/sr\/wp-json\/wp\/v2\/types\/page"}],"author":[{"embeddable":true,"href":"https:\/\/tsv.fund\/sr\/wp-json\/wp\/v2\/users\/2"}],"replies":[{"embeddable":true,"href":"https:\/\/tsv.fund\/sr\/wp-json\/wp\/v2\/comments?post=836"}],"version-history":[{"count":4,"href":"https:\/\/tsv.fund\/sr\/wp-json\/wp\/v2\/pages\/836\/revisions"}],"predecessor-version":[{"id":841,"href":"https:\/\/tsv.fund\/sr\/wp-json\/wp\/v2\/pages\/836\/revisions\/841"}],"up":[{"embeddable":true,"href":"https:\/\/tsv.fund\/sr\/wp-json\/wp\/v2\/pages\/539"}],"wp:attachment":[{"href":"https:\/\/tsv.fund\/sr\/wp-json\/wp\/v2\/media?parent=836"}],"curies":[{"name":"wp","href":"https:\/\/api.w.org\/{rel}","templated":true}]}}