{"id":776,"date":"2024-10-25T10:36:18","date_gmt":"2024-10-25T10:36:18","guid":{"rendered":"https:\/\/tsv.fund\/?page_id=776"},"modified":"2024-10-25T11:02:49","modified_gmt":"2024-10-25T11:02:49","slug":"ctd","status":"publish","type":"page","link":"https:\/\/tsv.fund\/sr\/investments\/ctd\/","title":{"rendered":"CTD"},"content":{"rendered":"<p><div class=\"fusion-fullwidth fullwidth-box fusion-builder-row-1 fusion-flex-container nonhundred-percent-fullwidth non-hundred-percent-height-scrolling\" style=\"background-color: rgba(255,255,255,0);background-position: center center;background-repeat: no-repeat;border-width: 0px 0px 0px 0px;border-color:#e2e2e2;border-style:solid;\" ><div class=\"fusion-builder-row fusion-row fusion-flex-align-items-flex-start\" style=\"max-width:1248px;margin-left: calc(-4% \/ 2 );margin-right: calc(-4% \/ 2 );\"><div class=\"fusion-layout-column fusion_builder_column fusion-builder-column-0 fusion_builder_column_1_1 1_1 fusion-flex-column fusion-flex-align-self-flex-start home-hero about-us-hero\" id=\"home-hero\"><div class=\"fusion-column-wrapper lazyload fusion-flex-justify-content-flex-start fusion-content-layout-column\" style=\"background-position:center bottom;background-repeat:no-repeat;-webkit-background-size:cover;-moz-background-size:cover;-o-background-size:cover;background-size:cover;padding: 0px 0px 0px 0px;\" data-bg-url=\"https:\/\/tsv.fund\/wp-content\/uploads\/2021\/12\/about-us-hero.png\" data-bg=\"https:\/\/tsv.fund\/wp-content\/uploads\/2021\/12\/about-us-hero.png\"><style type=\"text\/css\">@media only screen and (max-width:1024px) {.fusion-title.fusion-title-1{margin-top:10px!important; margin-right:0px!important;margin-bottom:15px!important;margin-left:0px!important;}}@media only screen and (max-width:640px) {.fusion-title.fusion-title-1{margin-top:10px!important; margin-right:0px!important;margin-bottom:10px!important; margin-left:0px!important;}}<\/style><div class=\"fusion-title title fusion-title-1 fusion-sep-none fusion-title-text fusion-title-size-one\" style=\"margin-top:10px;margin-right:0px;margin-bottom:15px;margin-left:0px;\" id=\"hero-header\"><h1 class=\"title-heading-left\" style=\"margin:0;color:#ffffff;\"><h1 style=\"text-align: center;\">Investicije TS Ventures Fonda.<\/h1><\/h1><\/div><\/div><style type=\"text\/css\">.fusion-body .fusion-builder-column-0{width:100% !important;margin-top : 0px;margin-bottom : 20px;}.fusion-builder-column-0 > .fusion-column-wrapper {padding-top : 0px !important;padding-right : 0px !important;margin-right : 1.92%;padding-bottom : 0px !important;padding-left : 0px !important;margin-left : 1.92%;}@media only screen and (max-width:1024px) {.fusion-body .fusion-builder-column-0{width:100% !important;order : 0;}.fusion-builder-column-0 > .fusion-column-wrapper {margin-right : 1.92%;margin-left : 1.92%;}}@media only screen and (max-width:640px) {.fusion-body .fusion-builder-column-0{width:100% !important;order : 0;}.fusion-builder-column-0 > .fusion-column-wrapper {margin-right : 1.92%;margin-left : 1.92%;}}<\/style><\/div><\/div><style type=\"text\/css\">.fusion-body .fusion-flex-container.fusion-builder-row-1{ padding-top : 0px;margin-top : 0px;padding-right : 0px;padding-bottom : 0px;margin-bottom : 0px;padding-left : 0px;}<\/style><\/div><div class=\"fusion-fullwidth fullwidth-box fusion-builder-row-2 fusion-flex-container my-width-container investments_main_section nonhundred-percent-fullwidth non-hundred-percent-height-scrolling\" style=\"background-color: rgba(255,255,255,0);background-position: center center;background-repeat: no-repeat;border-width: 0px 0px 0px 0px;border-color:#e2e2e2;border-style:solid;\" id=\"investments-section\" ><div class=\"fusion-builder-row fusion-row fusion-flex-align-items-flex-start\" style=\"max-width:calc( 1200px + 30px );margin-left: calc(-30px \/ 2 );margin-right: calc(-30px \/ 2 );\"><div class=\"fusion-layout-column fusion_builder_column fusion-builder-column-1 fusion_builder_column_1_1 1_1 fusion-flex-column\"><div class=\"fusion-column-wrapper fusion-flex-justify-content-flex-start fusion-content-layout-column\" style=\"background-position:left top;background-repeat:no-repeat;-webkit-background-size:cover;-moz-background-size:cover;-o-background-size:cover;background-size:cover;padding: 0px 0px 0px 0px;\"><div style=\"text-align:center;\"><span class=\"fusion-imageframe imageframe-none imageframe-1 hover-type-none\"><img width=\"300\" height=\"300\" title=\"IMG_2220\" src=\"https:\/\/tsv.fund\/wp-content\/uploads\/2024\/10\/IMG_2220.png\" data-orig-src=\"https:\/\/tsv.fund\/wp-content\/uploads\/2024\/10\/IMG_2220-300x300.png\" alt class=\"lazyload img-responsive wp-image-774\" srcset=\"data:image\/svg+xml,%3Csvg%20xmlns%3D%27http%3A%2F%2Fwww.w3.org%2F2000%2Fsvg%27%20width%3D%272000%27%20height%3D%272001%27%20viewBox%3D%270%200%202000%202001%27%3E%3Crect%20width%3D%272000%27%20height%3D%272001%27%20fill-opacity%3D%220%22%2F%3E%3C%2Fsvg%3E\" data-srcset=\"https:\/\/tsv.fund\/wp-content\/uploads\/2024\/10\/IMG_2220-200x200.png 200w, https:\/\/tsv.fund\/wp-content\/uploads\/2024\/10\/IMG_2220-400x400.png 400w, https:\/\/tsv.fund\/wp-content\/uploads\/2024\/10\/IMG_2220-600x600.png 600w, https:\/\/tsv.fund\/wp-content\/uploads\/2024\/10\/IMG_2220-800x800.png 800w, https:\/\/tsv.fund\/wp-content\/uploads\/2024\/10\/IMG_2220-1200x1201.png 1200w\" data-sizes=\"auto\" data-orig-sizes=\"(max-width: 640px) 100vw, 1200px\" \/><\/span><\/div><div class=\"investments_block_holder\">\n\t<div class=\"investments_content\">\n        <ul>\n            <li>Connect The Dots je srpsko-ameri\u010dki startap koji koristi ve\u0161ta\u010dku inteligenciju za mapiranje i analizu profesionalnih konekcija, pru\u017eaju\u0107i korisnicima dublji uvid u njihove poslovne veze i prilike.<\/li>\n            <li>Platforma poma\u017ee kompanijama da izgrade sna\u017enije mre\u017ee i efikasno pove\u017eu prodajne timove sa novim klijentima.<\/li>\n        <\/ul>\n\t\t<strong>PRESS:<\/strong><br>\n\t\t\t\t\t<ul>\n            <li><a href=\"https:\/\/www.euronews.rs\/biznis\/biznis-vesti\/142507\/fond-telekoma-srbija-ostvario-13-investiciju-srpsko-americki-startap-u-fokusu\/vest\"target=\"_blank\">https:\/\/www.euronews.rs\/biznis\/biznis-vesti\/142507\/fond-telekoma-srbija-ostvario-13-investiciju-srpsko-americki-startap-u-fokusu\/vest<\/a><\/li>\n            <li><a href=\"https:\/\/www.tanjug.rs\/ekonomija\/srbija\/117727\/fond-telekoma-srbija-ostvario-13-investiciju-srpsko-americki-startap-u-fokusu\/vest\"target=\"_blank\">https:\/\/www.tanjug.rs\/ekonomija\/srbija\/117727\/fond-telekoma-srbija-ostvario-13-investiciju-srpsko-americki-startap-u-fokusu\/vest<\/a><\/li>\n            <li><a href=\"https:\/\/24sedam.rs\/biznis\/finansije\/340507\/telekomov-ts-venztures-fond-ulozio-u-connect-the-dots\/vest\"target=\"_blank\">https:\/\/24sedam.rs\/biznis\/finansije\/340507\/telekomov-ts-venztures-fond-ulozio-u-connect-the-dots\/vest<\/a><\/li>\n            <li><a href=\"https:\/\/rs.bloombergadria.com\/biznis\/kompanije\/68789\/rast-srpskog-vc-trzista-investicije-u-ai-startapove\/news\/\"target=\"_blank\">https:\/\/rs.bloombergadria.com\/biznis\/kompanije\/68789\/rast-srpskog-vc-trzista-investicije-u-ai-startapove\/news\/<\/a><\/li>\n            <li><a href=\"https:\/\/bif.rs\/2024\/10\/ts-ventures-fond-investirao-u-srpsko-americki-startap-connect-the-dots\/\"target=\"_blank\">TS Ventures fond investirao u srpsko-ameri\u010dki startap Connect The Dots - Biznis i Finansije<\/a><\/li>\n\t\t\t<li><a href=\"https:\/\/www.sd.rs\/biz\/vesti\/fond-telekoma-srbija-ostvario-13-investiciju-srpsko-americki-startap-u-fokusu-2024-10-24\"target=\"_blank\">https:\/\/www.sd.rs\/biz\/vesti\/fond-telekoma-srbija-ostvario-13-investiciju-srpsko-americki-startap-u-fokusu-2024-10-24<\/a><\/li>\n\t\t\t<li><a href=\"https:\/\/www.nedeljnik.rs\/fond-telekoma-srbija-ostvario-13-investiciju-srpsko-americki-startap-u-fokusu\/\"target=\"_blank\">https:\/\/www.nedeljnik.rs\/fond-telekoma-srbija-ostvario-13-investiciju-srpsko-americki-startap-u-fokusu\/<\/a><\/li>\n\t\t\t<li><a href=\"https:\/\/fonet.rs\/ostalo\/promo\/36559533\/srpsko-americki-startap.html\"target=\"_blank\">https:\/\/fonet.rs\/ostalo\/promo\/36559533\/srpsko-americki-startap.html<\/a><\/li>\n\t\t\t<li><a href=\"https:\/\/biznis.rs\/novac\/investicije\/srpsko-americki-startap-dodatno-pozicionira-srbiju-kao-inovacioni-centar-za-nove-tehnologije\/\"target=\"_blank\">https:\/\/biznis.rs\/novac\/investicije\/srpsko-americki-startap-dodatno-pozicionira-srbiju-kao-inovacioni-centar-za-nove-tehnologije\/<\/a><\/li>\n\t\t\t<li><a href=\"https:\/\/ddl.rs\/novosti\/fond-telekoma-srbija-ostvario-13-investiciju-srpsko-americki-startap-u-fokusu\/\"target=\"_blank\">https:\/\/ddl.rs\/novosti\/fond-telekoma-srbija-ostvario-13-investiciju-srpsko-americki-startap-u-fokusu\/<\/a><\/li>\n<\/ul>\n       <strong>WEBSITE:<\/strong>\n\t<\/div>\n\t<div class=\"investments_social\">\n\t\t\t<a href=\"https:\/\/www.ctd.ai\/ \" target=\"_blank\"><i class='fas fa-globe' style='font-size:30px'><\/i><\/a>\t\t\n\t<\/div>\n<\/div><\/div><style type=\"text\/css\">.fusion-body .fusion-builder-column-1{width:100% !important;margin-top : 0px;margin-bottom : 20px;}.fusion-builder-column-1 > .fusion-column-wrapper {padding-top : 0px !important;padding-right : 0px !important;margin-right : 15px;padding-bottom : 0px !important;padding-left : 0px !important;margin-left : 15px;}@media only screen and (max-width:1024px) {.fusion-body .fusion-builder-column-1{width:100% !important;order : 0;}.fusion-builder-column-1 > .fusion-column-wrapper {margin-right : 15px;margin-left : 15px;}}@media only screen and (max-width:640px) {.fusion-body .fusion-builder-column-1{width:100% !important;order : 0;}.fusion-builder-column-1 > .fusion-column-wrapper {margin-right : 15px;margin-left : 15px;}}<\/style><\/div><\/div><style type=\"text\/css\">.fusion-body .fusion-flex-container.fusion-builder-row-2{ padding-top : 0px;margin-top : -50px;padding-right : 0px;padding-bottom : 0px;margin-bottom : 0px;padding-left : 0px;}<\/style><\/div><div class=\"fusion-fullwidth fullwidth-box fusion-builder-row-3 fusion-flex-container trusties-container nonhundred-percent-fullwidth non-hundred-percent-height-scrolling\" style=\"background-color: rgba(255,255,255,0);background-position: center center;background-repeat: no-repeat;border-width: 0px 0px 0px 0px;border-color:#e2e2e2;border-style:solid;\" ><div class=\"fusion-builder-row fusion-row fusion-flex-align-items-flex-start\" style=\"max-width:1248px;margin-left: calc(-4% \/ 2 );margin-right: calc(-4% \/ 2 );\"><div class=\"fusion-layout-column fusion_builder_column fusion-builder-column-2 fusion_builder_column_1_1 1_1 fusion-flex-column\"><div class=\"fusion-column-wrapper fusion-flex-justify-content-flex-start fusion-content-layout-column\" style=\"background-position:left top;background-repeat:no-repeat;-webkit-background-size:cover;-moz-background-size:cover;-o-background-size:cover;background-size:cover;padding: 0px 0px 0px 0px;\"><div class=\"trusties-box\">\n  <h2 class=\"colored-heading\">Our trusties<\/h2>\n  <div class=\"logos-flex\">\n    <div class=\"one-logo\">\n        <img class=\"lazyload\" src=\"data:image\/gif;base64,R0lGODlhAQABAAAAACH5BAEKAAEALAAAAAABAAEAAAICTAEAOw==\" data-orig-src=\"..\/wp-content\/uploads\/2021\/12\/logo-01.png\" alt=\"\" \/>\n    <\/div>\n\t<div class=\"one-logo\">\n        <img class=\"lazyload\" src=\"data:image\/gif;base64,R0lGODlhAQABAAAAACH5BAEKAAEALAAAAAABAAEAAAICTAEAOw==\" data-orig-src=\"..\/wp-content\/uploads\/2021\/12\/logo-03.png\" alt=\"\" \/>\n    <\/div>\n\t<div class=\"one-logo\">\n        <img class=\"lazyload\" src=\"data:image\/gif;base64,R0lGODlhAQABAAAAACH5BAEKAAEALAAAAAABAAEAAAICTAEAOw==\" data-orig-src=\"..\/wp-content\/uploads\/2021\/12\/logo-04.png\" alt=\"\" \/>\n    <\/div>\n\t<div class=\"one-logo\">\n        <img class=\"lazyload\" src=\"data:image\/gif;base64,R0lGODlhAQABAAAAACH5BAEKAAEALAAAAAABAAEAAAICTAEAOw==\" data-orig-src=\"..\/wp-content\/uploads\/2021\/12\/logo-05.png\" alt=\"\" \/>\n    <\/div>\n\t<div class=\"one-logo\">\n        <img class=\"lazyload\" src=\"data:image\/gif;base64,R0lGODlhAQABAAAAACH5BAEKAAEALAAAAAABAAEAAAICTAEAOw==\" data-orig-src=\"..\/wp-content\/uploads\/2021\/12\/logo-07.png\" alt=\"\" \/>\n    <\/div>\n\t<div class=\"one-logo\">\n        <img class=\"lazyload\" src=\"data:image\/gif;base64,R0lGODlhAQABAAAAACH5BAEKAAEALAAAAAABAAEAAAICTAEAOw==\" data-orig-src=\"..\/wp-content\/uploads\/2021\/12\/logo-13.png\" alt=\"\" \/>\n    <\/div>\n  <\/div>\n<\/div><\/div><style type=\"text\/css\">.fusion-body .fusion-builder-column-2{width:100% !important;margin-top : 0px;margin-bottom : 20px;}.fusion-builder-column-2 > .fusion-column-wrapper {padding-top : 0px !important;padding-right : 0px !important;margin-right : 1.92%;padding-bottom : 0px !important;padding-left : 0px !important;margin-left : 1.92%;}@media only screen and (max-width:1024px) {.fusion-body .fusion-builder-column-2{width:100% !important;order : 0;}.fusion-builder-column-2 > .fusion-column-wrapper {margin-right : 1.92%;margin-left : 1.92%;}}@media only screen and (max-width:640px) {.fusion-body .fusion-builder-column-2{width:100% !important;order : 0;}.fusion-builder-column-2 > .fusion-column-wrapper {margin-right : 1.92%;margin-left : 1.92%;}}<\/style><\/div><\/div><style type=\"text\/css\">.fusion-body .fusion-flex-container.fusion-builder-row-3{ padding-top : 0px;margin-top : 0px;padding-right : 0px;padding-bottom : 0px;margin-bottom : 0px;padding-left : 0px;}<\/style><\/div><\/p>","protected":false},"excerpt":{"rendered":"","protected":false},"author":2,"featured_media":0,"parent":539,"menu_order":0,"comment_status":"closed","ping_status":"closed","template":"","meta":[],"_links":{"self":[{"href":"https:\/\/tsv.fund\/sr\/wp-json\/wp\/v2\/pages\/776"}],"collection":[{"href":"https:\/\/tsv.fund\/sr\/wp-json\/wp\/v2\/pages"}],"about":[{"href":"https:\/\/tsv.fund\/sr\/wp-json\/wp\/v2\/types\/page"}],"author":[{"embeddable":true,"href":"https:\/\/tsv.fund\/sr\/wp-json\/wp\/v2\/users\/2"}],"replies":[{"embeddable":true,"href":"https:\/\/tsv.fund\/sr\/wp-json\/wp\/v2\/comments?post=776"}],"version-history":[{"count":10,"href":"https:\/\/tsv.fund\/sr\/wp-json\/wp\/v2\/pages\/776\/revisions"}],"predecessor-version":[{"id":787,"href":"https:\/\/tsv.fund\/sr\/wp-json\/wp\/v2\/pages\/776\/revisions\/787"}],"up":[{"embeddable":true,"href":"https:\/\/tsv.fund\/sr\/wp-json\/wp\/v2\/pages\/539"}],"wp:attachment":[{"href":"https:\/\/tsv.fund\/sr\/wp-json\/wp\/v2\/media?parent=776"}],"curies":[{"name":"wp","href":"https:\/\/api.w.org\/{rel}","templated":true}]}}