{"id":367,"date":"2022-03-16T21:08:00","date_gmt":"2022-03-16T21:08:00","guid":{"rendered":"https:\/\/tsv.fund\/?page_id=367"},"modified":"2022-06-28T19:12:31","modified_gmt":"2022-06-28T19:12:31","slug":"terms-of-use","status":"publish","type":"page","link":"https:\/\/tsv.fund\/sr\/terms-of-use\/","title":{"rendered":"Op\u0161ti uslovi kori\u0161\u0107enja"},"content":{"rendered":"<p><div class=\"fusion-fullwidth fullwidth-box fusion-builder-row-1 fusion-flex-container nonhundred-percent-fullwidth non-hundred-percent-height-scrolling\" style=\"background-color: rgba(255,255,255,0);background-position: center center;background-repeat: no-repeat;border-width: 0px 0px 0px 0px;border-color:#e2e2e2;border-style:solid;\" ><div class=\"fusion-builder-row fusion-row fusion-flex-align-items-flex-start\" style=\"max-width:1248px;margin-left: calc(-4% \/ 2 );margin-right: calc(-4% \/ 2 );\"><div class=\"fusion-layout-column fusion_builder_column fusion-builder-column-0 fusion_builder_column_1_1 1_1 fusion-flex-column fusion-flex-align-self-flex-start home-hero about-us-hero\" id=\"home-hero\"><div class=\"fusion-column-wrapper lazyload fusion-flex-justify-content-flex-start fusion-content-layout-column\" style=\"background-position:center bottom;background-repeat:no-repeat;-webkit-background-size:cover;-moz-background-size:cover;-o-background-size:cover;background-size:cover;padding: 0px 0px 0px 0px;\" data-bg-url=\"https:\/\/tsv.fund\/wp-content\/uploads\/2021\/12\/contact-hero.png\" data-bg=\"https:\/\/tsv.fund\/wp-content\/uploads\/2021\/12\/contact-hero.png\"><style type=\"text\/css\">@media only screen and (max-width:1024px) {.fusion-title.fusion-title-1{margin-top:10px!important; margin-right:0px!important;margin-bottom:15px!important;margin-left:0px!important;}}@media only screen and (max-width:640px) {.fusion-title.fusion-title-1{margin-top:10px!important; margin-right:0px!important;margin-bottom:10px!important; margin-left:0px!important;}}<\/style><div class=\"fusion-title title fusion-title-1 fusion-sep-none fusion-title-text fusion-title-size-one\" style=\"margin-top:10px;margin-right:0px;margin-bottom:15px;margin-left:0px;\" id=\"hero-header\"><h1 class=\"title-heading-left\" style=\"margin:0;color:#ffffff;\"><h1 style=\"text-align: center;\">Politika privatnosti i uslovi kori\u0161\u0107enja.<\/h1><\/h1><\/div><\/div><style type=\"text\/css\">.fusion-body .fusion-builder-column-0{width:100% !important;margin-top : 0px;margin-bottom : 20px;}.fusion-builder-column-0 > .fusion-column-wrapper {padding-top : 0px !important;padding-right : 0px !important;margin-right : 1.92%;padding-bottom : 0px !important;padding-left : 0px !important;margin-left : 1.92%;}@media only screen and (max-width:1024px) {.fusion-body .fusion-builder-column-0{width:100% !important;order : 0;}.fusion-builder-column-0 > .fusion-column-wrapper {margin-right : 1.92%;margin-left : 1.92%;}}@media only screen and (max-width:640px) {.fusion-body .fusion-builder-column-0{width:100% !important;order : 0;}.fusion-builder-column-0 > .fusion-column-wrapper {margin-right : 1.92%;margin-left : 1.92%;}}<\/style><\/div><\/div><style type=\"text\/css\">.fusion-body .fusion-flex-container.fusion-builder-row-1{ padding-top : 0px;margin-top : 0px;padding-right : 0px;padding-bottom : 0px;margin-bottom : 0px;padding-left : 0px;}<\/style><\/div><div class=\"fusion-fullwidth fullwidth-box fusion-builder-row-2 fusion-flex-container policy-container nonhundred-percent-fullwidth non-hundred-percent-height-scrolling\" style=\"background-color: rgba(255,255,255,0);background-position: center center;background-repeat: no-repeat;border-width: 0px 0px 0px 0px;border-color:#e2e2e2;border-style:solid;\" ><div class=\"fusion-builder-row fusion-row fusion-flex-align-items-flex-start\" style=\"max-width:1248px;margin-left: calc(-4% \/ 2 );margin-right: calc(-4% \/ 2 );\"><div class=\"fusion-layout-column fusion_builder_column fusion-builder-column-1 fusion_builder_column_1_1 1_1 fusion-flex-column\"><div class=\"fusion-column-wrapper fusion-flex-justify-content-flex-start fusion-content-layout-column\" style=\"background-position:left top;background-repeat:no-repeat;-webkit-background-size:cover;-moz-background-size:cover;-o-background-size:cover;background-size:cover;padding: 0px 0px 0px 0px;\"><div class=\"fusion-text fusion-text-1\"><p><b>Op\u0161ti uslovi koris\u030cc\u0301enja web stranice TS Ventures Fond<\/b><\/p>\n<p><span style=\"font-weight: 400;\">Web sajt www.tsv.fund je u vlasnis\u030ctvu i njime upravlja Dru\u0161tvo za upravljanje alternativnim investicionim fondovima TS Ventures d.o.o. Beograd, Novi Beograd, Milutina Milankovi\u0107a 3 v, MB: 21707341 (u daljem tekstu: TS Ventures). Dokumenti, podaci i informacije objavljeni na web sajtu www.tsv.fund ne smeju se prosle\u0111ivati ili na bilo koji nac\u030cin koristiti u komercijalne svrhe bez izric\u030citog pristanka TS Ventures -a ili na bilo koji nac\u030cin koji moz\u030ce uzrokovati s\u030ctetu TS Ventures-u ili bilo kom trec\u0301em licu. Dokumenti, podaci i informacije objavljeni na ovim web stranicama mogu se koristiti samo za individualne potrebe posetioca web sajta (u daljem tekstu: Korisnik) uz pos\u030ctovanje svih autorskih i vlasnic\u030ckih prava i prava trec\u0301ih lica.\u00a0<\/span><\/p>\n<p><span style=\"font-weight: 400;\">Koris\u030cc\u0301enjem sadrz\u030caja ovih web stranica Korisnik prihvata:\u00a0<\/span><\/p>\n<ul>\n<li style=\"font-weight: 400;\" aria-level=\"1\"><span style=\"font-weight: 400;\">Sve rizike koji nastaju iz koris\u030ctenja web sajta www.tsv.fund\u00a0<\/span><\/li>\n<li style=\"font-weight: 400;\" aria-level=\"1\"><span style=\"font-weight: 400;\">Da koristi sadrz\u030caj web sajta www.tsv.fund iskljuc\u030civo za sopstvene, neprofitabilne i nekomercijalne potrebe. TS Ventures se u potpunosti odric\u030ce svake odgovornosti, koja na bilo koji nac\u030cin moz\u030ce nastati ili je na bilo koji nac\u030cin vezana za koris\u030ctenje ovih web stranica, odnosno za bilo kakvu s\u030ctetu koja moz\u030ce nastati Korisniku ili bilo kom trec\u0301em licu u vezi sa koris\u030cc\u0301enjem sadrz\u030caja web sajta www.tsv.fund.<\/span><\/li>\n<\/ul>\n<p><span style=\"font-weight: 400;\">Web sajt www.tsv.fund sadrz\u030ci informacije o uslugama TS Ventures-a kao i veze do drugih Internet stranica kreiranih od strane trec\u0301ih lica koje c\u0301e se, kad god je to moguc\u0301e, kao takve oznac\u030cavati. TS Ventures nema nadzor nad navedenim informacijama ili drugim Internet stranicama i u potpunosti se odric\u030ce svake odgovornosti za ta\u010dnost i dostupnost sadrz\u030caja na Internet stranicama kreiranim od strane trec\u0301ih lica.\u00a0<\/span><\/p>\n<p><span style=\"font-weight: 400;\">Web sajt www.tsv.fund koristi tzv. kolac\u030cic\u0301e (eng. \u2018cookies\u2019). Ops\u030cti uslovi koris\u030cc\u0301enja web stranica TS Ventures-a pruz\u030caju jasne i relevantne informacije o kolac\u030cic\u0301ima koji se koriste i o razlozima za njihovo koris\u030cc\u0301enje. Kolac\u030cic\u0301i predstavljaju skup podataka koje generis\u030ce web sajt i koje web pretraz\u030civac\u030c smes\u030cta na disk Korisnika u obliku male tekstualne datoteke.\u00a0<\/span><\/p>\n<p><span style=\"font-weight: 400;\">Sesijski kolac\u030cic\u0301i, male datoteke, se postavljaju na rac\u030cunar Korisnika ili mobilni ure\u0111aj preko web sajtova koji se posec\u0301uju ili odre\u0111enih poruka dobijenih putem e-maila. Njihova upotreba je s\u030ciroko rasprostranjena kako bi web sajtovi mogli pravilno da funkcionis\u030cu i kako bi njihovi vlasnici mogli da dobiju poslovne i marketins\u030cke informacije.\u00a0<\/span><\/p>\n<p><span style=\"font-weight: 400;\">Kolac\u030cic\u0301 sadrz\u030ci tekstualni niz koji sadrz\u030ci informacije o pregledac\u030cu. Za rad nije neophodno da kolac\u030cic\u0301 prepozna odakle je Korisnik, on samo treba da ustanovi tip web pregledac\u030ca Korisnika. Neki kolac\u030cic\u0301i koje TS Ventures koristi c\u030cuvaju informacije o Korisniku koje su lic\u030cne prirode. Ipak, takve informacije se c\u030cuvaju samo ako ih je Korisnik sam objavio, odnosno uneo na web sajtu www.tsv.fund i to iskljuc\u030civo radi pribavljanja nuz\u030cnih informacija za laks\u030ce funkcionisanje i upotrebu web sajta www.tsv.fund.\u00a0<\/span><\/p>\n<p><span style=\"font-weight: 400;\">Kolac\u030cic\u0301i se koriste iz tehnic\u030ckih razloga kako bi se omoguc\u0301io efikasan rad web sajta<\/span><span style=\"font-weight: 400;\"><br \/>\n<\/span><span style=\"font-weight: 400;\">www.tsv.fund, odnosno kako bi se:\u00a0<\/span><\/p>\n<ul>\n<li style=\"font-weight: 400;\" aria-level=\"1\"><span style=\"font-weight: 400;\">odrz\u030cala ravnotez\u030ca saobrac\u0301aja na web sajtu, a korisnici dobili koherentne i pouzdane usluge;\u00a0<\/span><\/li>\n<li style=\"font-weight: 400;\" aria-level=\"1\"><span style=\"font-weight: 400;\">saobrac\u0301aj ogranic\u030cio na kljuc\u030cne delove web sajta da bi se odrz\u030cali nivoi efikasnosti rada;\u00a0<\/span><\/li>\n<li style=\"font-weight: 400;\" aria-level=\"1\"><span style=\"font-weight: 400;\">obezbedilo povezivanje Korisnika sa odgovarajuc\u0301om uslugom na web sajtu, kada se vrs\u030ce izmene nac\u030cina na koji web sajt radi;\u00a0<\/span><\/li>\n<li style=\"font-weight: 400;\" aria-level=\"1\"><span style=\"font-weight: 400;\">Korisnik usmerio ka specific\u030cnim primenama neke usluge ili ka specific\u030cnim serverima;\u00a0<\/span><\/li>\n<li style=\"font-weight: 400;\" aria-level=\"1\"><span style=\"font-weight: 400;\">dobio uvid u to kako posetioci koriste web sajt i kako se web sajt moz\u030ce poboljs\u030cati u smislu njegove upotrebljivosti.\u00a0<\/span><\/li>\n<\/ul>\n<p><span style=\"font-weight: 400;\">Kolac\u030cic\u0301i se koriste kako bi Korisnik mogao laks\u030ce da upotrebljava web sajt www.tsv.fund i oni:\u00a0<\/span><\/p>\n<ul>\n<li style=\"font-weight: 400;\" aria-level=\"1\"><span style=\"font-weight: 400;\">pamte informacije koje je Korisnik uneo u obrasce za prijavu prilikom navigacije   kroz razlic\u030cite stranice u toku sesije mrez\u030cnog pregledac\u030ca\u00a0<\/span><\/li>\n<li style=\"font-weight: 400;\" aria-level=\"1\"><span style=\"font-weight: 400;\">pamte identifikaciju prijavljivanja na web sajtu;\u00a0<\/span><\/li>\n<li style=\"font-weight: 400;\" aria-level=\"1\"><span style=\"font-weight: 400;\">pamte identifikaciju prijavljivanja na web sajtu;\u00a0<\/span><\/li>\n<li style=\"font-weight: 400;\" aria-level=\"1\"><span style=\"font-weight: 400;\">pamte primenjene postavke, kao s\u030cto je izgled, velic\u030cina teksta, parametri i boje;\u00a0<\/span><\/li>\n<li style=\"font-weight: 400;\" aria-level=\"1\"><span style=\"font-weight: 400;\">prikazuju prijavljivanja na web sajtu.\u00a0<\/span><\/li>\n<\/ul>\n<p><span style=\"font-weight: 400;\">Kolac\u030cic\u0301i se c\u030cuvaju na ure\u0111aju koji se koristi za pristup web sajtu www.tsv.fund koji ovo podes\u030cavanje pamti za naredni put. Kolac\u030cic\u0301 prestaje da vaz\u030ci nakon odre\u0111enog vremena (u svakom sluc\u030caju u periodu od 13 meseci). Korisnik ima moguc\u0301nost da izbris\u030ce kolac\u030cic\u0301e preko podes\u030cavanja u Web pregledac\u030cu. Sve dodatne informacije o brisanju ili blokiranju kolac\u030cic\u0301a nalaze se na linku aboutcookies.org. <\/span><a href=\"https:\/\/www.aboutcookies.org\/\"><span style=\"font-weight: 400;\">aboutcookies.org<\/span><\/a><span style=\"font-weight: 400;\">\u00a0<\/span><\/p>\n<p><span style=\"font-weight: 400;\">Internet pregledac\u030ci omoguc\u0301avaju promene podes\u030cavanja u vezi sa kolac\u030cic\u0301ima. Podes\u030cavanja se najc\u030ces\u030cc\u0301e nalaze u meniju \u201eOpcije\u201d (Options) ili \u201eParametri\u201d (Preferences). Dole navedene veze mogu biti od pomoc\u0301i ukoliko Korisnik z\u030celi bolje da razume podes\u030cavanja:\u00a0<\/span><\/p>\n<ul>\n<li style=\"font-weight: 400;\" aria-level=\"1\"><a href=\"https:\/\/support.microsoft.com\/en-us\/help\/196955\"><span style=\"font-weight: 400;\">podes\u030cavanje kolac\u030cic\u0301a u Internet Explorer-u<\/span><\/a><span style=\"font-weight: 400;\">\u00a0<\/span><\/li>\n<li style=\"font-weight: 400;\" aria-level=\"1\"><a href=\"https:\/\/support.mozilla.org\/en-US\/kb\/cookies-information-websites-store-on-your-computer?redirectlocale=en-US&amp;redirectslug=Cookies\"><span style=\"font-weight: 400;\">podes\u030cavanje kolac\u030cic\u0301a u Firefox-u<\/span><\/a><span style=\"font-weight: 400;\">\u00a0<\/span><\/li>\n<li style=\"font-weight: 400;\" aria-level=\"1\"><a href=\"https:\/\/support.google.com\/chrome\/answer\/95647?hl=en\"><span style=\"font-weight: 400;\">podes\u030cavanja kolac\u030cic\u0301a u Chrome-u<\/span><\/a><span style=\"font-weight: 400;\">\u00a0<\/span><\/li>\n<li style=\"font-weight: 400;\" aria-level=\"1\"><a href=\"https:\/\/support.apple.com\/en-us\/HT201265\"><span style=\"font-weight: 400;\">podes\u030cavanja kolac\u030cic\u0301a u Safari-u<\/span><\/a><span style=\"font-weight: 400;\">\u00a0<\/span><\/li>\n<\/ul>\n<p><span style=\"font-weight: 400;\">TS Ventures na web sajtu www.tsv.fund koristi i kolac\u030cic\u0301e za \u201eciljanje\u201d koji su povezani sa uslugama koje pruz\u030caju trec\u0301a lica, kao s\u030cto je opcija \u201ePodeli na drus\u030ctvenim mrez\u030cama\u201d.\u00a0<\/span><\/p>\n<p><span style=\"font-weight: 400;\">Svim ovim kolac\u030cic\u0301ima upravljaju trec\u0301a lica, a sve dodatne informacije o privatnosti nalaze se na web sajtovima tih trec\u0301ih lica. Koris\u030cc\u0301enjem web sajta www.tsv.fund Korisnik prihvata upotrebu kolac\u030cic\u0301a za \u201eciljanje\u201d. TS Ventures iskljuc\u030cuje svaku odgovornost za bilo kakav gubitak funkcionalnosti i\/ili kvalitet sadrz\u030caja web stranica www.tsv.fund u sluc\u030cajevima odabira regulacije primanja kolac\u030cic\u0301a od strane Korisnika.\u00a0<\/span><\/p>\n<p><span style=\"font-weight: 400;\">Vis\u030ce informacija o nac\u030cinu regulisanja\/iskljuc\u030cenja iz ovakvog tipa kolac\u030cic\u0301a nalaze se na linku: <\/span><a href=\"https:\/\/optout.networkadvertising.org\/?c=1\"><span style=\"font-weight: 400;\">www.networkadvertising.org\/choices<\/span><\/a><\/p>\n<p><span style=\"font-weight: 400;\">Osim toga, web sajt www.tsv.fund prati statistic\u030cku posec\u0301enost iskljuc\u030civo radi pribavljanja nuz\u030cnih informacija uz pomoc\u0301 Google analitike (Google Analytics), analitic\u030cku uslugu na mrez\u030ci koju pruz\u030ca korporacija Google Inc. (u daljem tekstu \u201eGoogle\u201d).\u00a0<\/span><\/p>\n<p><span style=\"font-weight: 400;\">Google analitika koristi kolac\u030cic\u0301e, tekstualne datoteke koje se postavljaju na rac\u030cunar Korisnika, kao pomoc\u0301 pri analizi nac\u030cina na koji korisnici upotrebljavaju web sajt www.tsv.fund. Google koristi date informacije za potrebe procene upotrebe web sajta od strane Korisnika, za pripremu izves\u030ctaja o aktivnosti na web sajtu i upotrebi interneta. Google nec\u0301e dovesti u vezu IP adresu Korisnika ni sa jednim drugim podatkom u vlasnis\u030ctvu Google-a.\u00a0<\/span><\/p>\n<p><span style=\"font-weight: 400;\">Dodatne informacije o kolac\u030cic\u0301ima Google analitike, nalaze se na stranicama Google-a koje se odnose na pruz\u030canje pomoc\u0301i i politiku zas\u030ctite privatnosti: <\/span><a href=\"https:\/\/policies.google.com\/privacy?hl=en\"><span style=\"font-weight: 400;\">Google Privacy Policy<\/span><span style=\"font-weight: 400;\"><br \/>\n<\/span><span style=\"font-weight: 400;\">a<\/span><\/a><span style=\"font-weight: 400;\"> i <\/span><a href=\"https:\/\/developers.google.com\/analytics\/devguides\/collection\/analyticsjs\/cookie-usage\"><span style=\"font-weight: 400;\">Google Analytics Help<\/span><\/a><span style=\"font-weight: 400;\">Google je razvio dodatni program za pregledac\u030c za JavaScript Google analitike kojim se ona iskljuc\u030cuje (ga.js, analytics.js, dc.js). Ukoliko Korisnik z\u030celi da bude iskljuc\u030cen iz Google analitike, potrebno je da preuzme i instalira dodatni program za svoj mrez\u030cni pregledac\u030c, a dodatne informacije, se nalaze na linku. <\/span><a href=\"https:\/\/tools.google.com\/dlpage\/gaoptout?hl=en\"><span style=\"font-weight: 400;\">link<\/span><\/a><span style=\"font-weight: 400;\">.<\/span><\/p>\n<p><span style=\"font-weight: 400;\">TS Ventures se obavezuje da pos\u030ctuje anonimnost i privatnost Korisnika web sajta www.tsv.fund. TS Ventures prikuplja lic\u030cne podatke Korisnika samo ako iste Korisnik dobrovoljno dostavi TS Ventures-u, prilikom popunjavanja kontakt forme. TS Ventures c\u0301e navedene podatke koristiti iskljuc\u030civo za potrebe kontaktiranja u vezi sa uslugama iz svoje delatnosti, razvoja usluga i sprec\u030cavanja potencijalnih zloupotreba. TS Ventures preuzima obavezu da sve podatke o Korisnicima c\u030cuva u skladu sa pozitivnim propisima i omoguc\u0301i dostupnost istih iskljuc\u030civo zaposlenima kojima su ti podaci neophodni za obavljanje posla. Svi zaposleni TS Ventures-a koji prilikom obavljanja posla dolaze u kontakt sa podacima o Korisnicima odgovorni su za pos\u030ctovanje nac\u030cela zas\u030ctite privatnosti. TS Ventures ima pravo da, u sluc\u030caju postojanja zahteva drz\u030cavnog organa, institucije ili nadlez\u030cnog regulatornog tela, uc\u030cini podatke o Korisniku dostupnim tim organima, institucijama i regulatornim telima u skladu sa vaz\u030cec\u0301im propisima.\u00a0<\/span><\/p>\n<p><span style=\"font-weight: 400;\">Koris\u030ctenjem web stranica www.tsv.fund smatra se da je Korisnik upoznat i saglasan s ovim Ops\u030ctim uslovima, ukljuc\u030cujuc\u0301i i odredbe o obradi lic\u030cnih podataka i moguc\u0301nostima u vezi s kolac\u030cic\u0301ima.\u00a0<\/span><\/p>\n<p><span style=\"font-weight: 400;\">TS Ventures zadrz\u030cava pravo da, u skladu sa svojom poslovnom politikom ili izmenama pozitivnopravnih propisa, vrs\u030ci izmene Ops\u030ctih uslova koris\u030cc\u0301enja web stranica TS Ventures-a, o c\u030cemu na uobic\u030cajen nac\u030cin obaves\u030ctava Korisnike.\u00a0<\/span><\/p>\n<p><b>Privatnost korisnika portala TS Ventures-a\u00a0<\/b><\/p>\n<p><span style=\"font-weight: 400;\">TS Ventures se obavezuje da c\u0301e pos\u030ctovati anonimnost i privatnost Korisnika svog sajta i aplikacija za koje je on iskljuc\u030civo odgovoran. Ovo se odnosi kako na sajt i aplikacije, tako i na interne aplikacije koje se koriste za poslovanje i realizaciju usluga Korisnika, uz napomenu da TS Ventures nema kontrolu i nije odgovoran za c\u030cuvanje i obradu podataka o lic\u030cnosti koje korisnici ostavljaju na web sajtovima drugih lica.<\/span><\/p>\n<p><span style=\"font-weight: 400;\">TS Ventures moz\u030ce prikupljati podatke o lic\u030cnosti Korisnika, kao s\u030cto su ime i prezime, telefonski broj (ukljuc\u030cujuc\u0301i mobilni), imejl adresa ili lokacija (IP adresu) samo ako ih Korisnik dobrovoljno dostavi, odnosno ukoliko Korisnik popuni formu istaknutu na web sajtu.<\/span><\/p>\n<p><span style=\"font-weight: 400;\">Prikupljeni podaci c\u0301e se koristiti za svrhu kontaktiranja Korisnika u vezi sa eventualnim ponudama TS Ventures-a, u vremenskom periodu koji je potreban za ostvarenje svrhe.<\/span><\/p>\n<p><span style=\"font-weight: 400;\">Podaci o lic\u030cnosti se obra\u0111uju u meri u kojoj je to potrebno da bi se ispunila svrha obrade, a isti se c\u030cuvaju onoliko dugo koliko je potrebno za ostvarivanje svrhe, osim u sluc\u030caju kada zakon obavezuje TS Ventures da ih i dalje c\u030cuva. Korisnik je svestan c\u030cinjenice da se od TS Ventures moz\u030ce traz\u030citi da otkrije podatke o lic\u030cnosti na zahtev drz\u030cavnih organa, a na osnovu zakona.<\/span><\/p>\n<p><span style=\"font-weight: 400;\">TS Ventures ima primenjene tehnic\u030cke i organizacione mere bezbednosti u skladu sa kojima garantuje bezbednost podataka i nec\u0301e dozvoliti bilo kakvo sluc\u030cajno ili nezakonito unis\u030ctavanje, sluc\u030cajni gubitak, zloupotrebu, zabranjeno otkrivanje ili pristup i svaki drugi oblik nezakonite obrade.<\/span><\/p>\n<p><span style=\"font-weight: 400;\">Ako Korisnik smatra da su njegovi podaci prikupljeni od strane TS Ventures-a zloupotrebljeni ili na drugi na\u010din povre\u0111eni, treba da se obrati TS Ventures- u na mail dpo@tsv.fund.<\/span><\/p>\n<p><span style=\"font-weight: 400;\">Sve relevantne informacije o pos\u030ctovanju anonimnosti i privatnosti Korisnika web sajta www.tsv.fund, kao i sve relevantne informacije koje se odnose na koris\u030cc\u0301enje tzv. kolac\u030cic\u0301a (eng.\u2019cookies\u2019) i o razlozima za njihovo koris\u030cc\u0301enje sadrz\u030cane su u Ops\u030ctim uslovima koris\u030cc\u0301enja web stranice TS Ventures.\u00a0<\/span><\/p>\n<p><span style=\"font-weight: 400;\">Ovaj dokument se primenjuje od 01.09.2021. godine.<\/span><span style=\"font-weight: 400;\">st<\/span><span style=\"font-weight: 400;\"> of September 2021.<\/span><\/p>\n<\/div><\/div><style type=\"text\/css\">.fusion-body .fusion-builder-column-1{width:100% !important;margin-top : 0px;margin-bottom : 20px;}.fusion-builder-column-1 > .fusion-column-wrapper {padding-top : 0px !important;padding-right : 0px !important;margin-right : 1.92%;padding-bottom : 0px !important;padding-left : 0px !important;margin-left : 1.92%;}@media only screen and (max-width:1024px) {.fusion-body .fusion-builder-column-1{width:100% !important;order : 0;}.fusion-builder-column-1 > .fusion-column-wrapper {margin-right : 1.92%;margin-left : 1.92%;}}@media only screen and (max-width:640px) {.fusion-body .fusion-builder-column-1{width:100% !important;order : 0;}.fusion-builder-column-1 > .fusion-column-wrapper {margin-right : 1.92%;margin-left : 1.92%;}}<\/style><\/div><\/div><style type=\"text\/css\">.fusion-body .fusion-flex-container.fusion-builder-row-2{ padding-top : 0px;margin-top : 0px;padding-right : 0px;padding-bottom : 0px;margin-bottom : 0px;padding-left : 0px;}<\/style><\/div><\/p>","protected":false},"excerpt":{"rendered":"","protected":false},"author":1,"featured_media":0,"parent":0,"menu_order":0,"comment_status":"closed","ping_status":"closed","template":"","meta":[],"_links":{"self":[{"href":"https:\/\/tsv.fund\/sr\/wp-json\/wp\/v2\/pages\/367"}],"collection":[{"href":"https:\/\/tsv.fund\/sr\/wp-json\/wp\/v2\/pages"}],"about":[{"href":"https:\/\/tsv.fund\/sr\/wp-json\/wp\/v2\/types\/page"}],"author":[{"embeddable":true,"href":"https:\/\/tsv.fund\/sr\/wp-json\/wp\/v2\/users\/1"}],"replies":[{"embeddable":true,"href":"https:\/\/tsv.fund\/sr\/wp-json\/wp\/v2\/comments?post=367"}],"version-history":[{"count":3,"href":"https:\/\/tsv.fund\/sr\/wp-json\/wp\/v2\/pages\/367\/revisions"}],"predecessor-version":[{"id":501,"href":"https:\/\/tsv.fund\/sr\/wp-json\/wp\/v2\/pages\/367\/revisions\/501"}],"wp:attachment":[{"href":"https:\/\/tsv.fund\/sr\/wp-json\/wp\/v2\/media?parent=367"}],"curies":[{"name":"wp","href":"https:\/\/api.w.org\/{rel}","templated":true}]}}