{"id":26,"date":"2021-12-14T23:29:56","date_gmt":"2021-12-14T23:29:56","guid":{"rendered":"https:\/\/tsv.fund\/?page_id=26"},"modified":"2022-06-28T18:16:02","modified_gmt":"2022-06-28T18:16:02","slug":"how-to-apply","status":"publish","type":"page","link":"https:\/\/tsv.fund\/sr\/how-to-apply\/","title":{"rendered":"Kako se prijaviti"},"content":{"rendered":"<p><div class=\"fusion-fullwidth fullwidth-box fusion-builder-row-1 fusion-flex-container nonhundred-percent-fullwidth non-hundred-percent-height-scrolling\" style=\"background-color: rgba(255,255,255,0);background-position: center center;background-repeat: no-repeat;border-width: 0px 0px 0px 0px;border-color:#e2e2e2;border-style:solid;\" ><div class=\"fusion-builder-row fusion-row fusion-flex-align-items-flex-start\" style=\"max-width:1248px;margin-left: calc(-4% \/ 2 );margin-right: calc(-4% \/ 2 );\"><div class=\"fusion-layout-column fusion_builder_column fusion-builder-column-0 fusion_builder_column_1_1 1_1 fusion-flex-column fusion-flex-align-self-flex-start home-hero about-us-hero\" id=\"home-hero\"><div class=\"fusion-column-wrapper lazyload fusion-flex-justify-content-flex-start fusion-content-layout-column\" style=\"background-position:center bottom;background-repeat:no-repeat;-webkit-background-size:cover;-moz-background-size:cover;-o-background-size:cover;background-size:cover;padding: 0px 0px 0px 0px;\" data-bg-url=\"https:\/\/tsv.fund\/wp-content\/uploads\/2021\/12\/contact-hero.png\" data-bg=\"https:\/\/tsv.fund\/wp-content\/uploads\/2021\/12\/contact-hero.png\"><style type=\"text\/css\">@media only screen and (max-width:1024px) {.fusion-title.fusion-title-1{margin-top:10px!important; margin-right:0px!important;margin-bottom:15px!important;margin-left:0px!important;}}@media only screen and (max-width:640px) {.fusion-title.fusion-title-1{margin-top:10px!important; margin-right:0px!important;margin-bottom:10px!important; margin-left:0px!important;}}<\/style><div class=\"fusion-title title fusion-title-1 fusion-sep-none fusion-title-text fusion-title-size-one\" style=\"margin-top:10px;margin-right:0px;margin-bottom:15px;margin-left:0px;\" id=\"hero-header\"><h1 class=\"title-heading-left\" style=\"margin:0;color:#ffffff;\"><h1 style=\"text-align: center;\" class=\" translation-block\">Prijavite se u nekoliko laganih koraka.<\/h1><\/h1><\/div><\/div><style type=\"text\/css\">.fusion-body .fusion-builder-column-0{width:100% !important;margin-top : 0px;margin-bottom : 20px;}.fusion-builder-column-0 > .fusion-column-wrapper {padding-top : 0px !important;padding-right : 0px !important;margin-right : 1.92%;padding-bottom : 0px !important;padding-left : 0px !important;margin-left : 1.92%;}@media only screen and (max-width:1024px) {.fusion-body .fusion-builder-column-0{width:100% !important;order : 0;}.fusion-builder-column-0 > .fusion-column-wrapper {margin-right : 1.92%;margin-left : 1.92%;}}@media only screen and (max-width:640px) {.fusion-body .fusion-builder-column-0{width:100% !important;order : 0;}.fusion-builder-column-0 > .fusion-column-wrapper {margin-right : 1.92%;margin-left : 1.92%;}}<\/style><\/div><\/div><style type=\"text\/css\">.fusion-body .fusion-flex-container.fusion-builder-row-1{ padding-top : 0px;margin-top : 0px;padding-right : 0px;padding-bottom : 0px;margin-bottom : 0px;padding-left : 0px;}<\/style><\/div><div class=\"fusion-fullwidth fullwidth-box fusion-builder-row-2 fusion-flex-container fusion-parallax-none steps-container nonhundred-percent-fullwidth non-hundred-percent-height-scrolling lazyload\" style=\"background-color: rgba(255,255,255,0);background-position: center top;background-repeat: no-repeat;border-width: 0px 0px 0px 0px;border-color:#e2e2e2;border-style:solid;-webkit-background-size:cover;-moz-background-size:cover;-o-background-size:cover;background-size:cover;\" data-bg=\"https:\/\/tsv.fund\/wp-content\/uploads\/2021\/12\/steps-back.png\" ><div class=\"fusion-builder-row fusion-row fusion-flex-align-items-flex-start\" style=\"max-width:1248px;margin-left: calc(-4% \/ 2 );margin-right: calc(-4% \/ 2 );\"><div class=\"fusion-layout-column fusion_builder_column fusion-builder-column-1 fusion_builder_column_1_1 1_1 fusion-flex-column\"><div class=\"fusion-column-wrapper fusion-flex-justify-content-flex-start fusion-content-layout-column\" style=\"background-position:left top;background-repeat:no-repeat;-webkit-background-size:cover;-moz-background-size:cover;-o-background-size:cover;background-size:cover;padding: 0px 0px 0px 0px;\"><div class=\"up-to-flex\">\n<p>Dostupno za ulaganje<\/p>\n<h2>Do 25 miliona evra<\/h2>\n<\/div><style type=\"text\/css\">@media only screen and (max-width:1024px) {.fusion-title.fusion-title-2{margin-top:10px!important; margin-right:0px!important;margin-bottom:15px!important;margin-left:0px!important;}}@media only screen and (max-width:640px) {.fusion-title.fusion-title-2{margin-top:10px!important; margin-right:0px!important;margin-bottom:10px!important; margin-left:0px!important;}}<\/style><div class=\"fusion-title title fusion-title-2 fusion-sep-none fusion-title-text fusion-title-size-one steps-heading\" style=\"margin-top:10px;margin-right:0px;margin-bottom:15px;margin-left:0px;\"><h1 class=\"title-heading-left\" style=\"margin:0;\"><h2 style=\"text-align: center;\">Svaki deo procesa detaljno analiziramo.<\/h2><\/h1><\/div><div class=\"steps-flex\">\n\t<div class=\"one-step-box\">\n\t\t<div class=\"img-holder\"><img class=\"lazyload\" src=\"data:image\/gif;base64,R0lGODlhAQABAAAAACH5BAEKAAEALAAAAAABAAEAAAICTAEAOw==\" data-orig-src=\"..\/wp-content\/uploads\/2021\/12\/step-1-icon.png\" \/><\/div>\n\t\t<div class=\"header-hold\">\n\t\t\t<span>Korak 1<\/span>\n\t\t\t<h3>Apliciraj<\/h3>\n\t\t<\/div>\n\t\t<p>Prvi korak je da se prijavite putem kontakt forme na na\u0161em sajtu. Nakon toga proces preuzimaju stru\u010dnjaci i vode vas kroz isti.<\/p>\n\t<\/div>\n\t<div class=\"one-step-box\">\n\t\t<div class=\"img-holder\"><img class=\"lazyload\" src=\"data:image\/gif;base64,R0lGODlhAQABAAAAACH5BAEKAAEALAAAAAABAAEAAAICTAEAOw==\" data-orig-src=\"..\/wp-content\/uploads\/2021\/12\/step-2-icon.png\" \/><\/div>\n\t\t<div class=\"header-hold\">\n\t\t\t<span>Korak 2<\/span>\n\t\t\t<h3>Prezentuj<\/h3>\n\t\t<\/div>\n\t\t<p>Nakon \u0161to ste pro\u0161li inicijalnu analizu, dolazite do dela u kom izla\u017eete svoju ideju komisiji koja \u0107e vam dati svoj feedback.<\/p>\n\t<\/div>\n\t<div class=\"one-step-box\">\n\t\t<div class=\"img-holder\"><img class=\"lazyload\" src=\"data:image\/gif;base64,R0lGODlhAQABAAAAACH5BAEKAAEALAAAAAABAAEAAAICTAEAOw==\" data-orig-src=\"..\/wp-content\/uploads\/2021\/12\/step-3-icon.png\" \/><\/div>\n\t\t<div class=\"header-hold\">\n\t\t\t<span>Korak 3<\/span>\n\t\t\t<h3>Pregovaranje<\/h3>\n\t\t<\/div>\n\t\t<p>Ukoliko ste do\u0161li do ovog koraka - \u010destitamo! Na korak ste od investicije i ovde pri\u010damo i dogovaramo uslove.<\/p>\n\t<\/div>\n\t<div class=\"one-step-box\">\n\t\t<div class=\"img-holder\"><img class=\"lazyload\" src=\"data:image\/gif;base64,R0lGODlhAQABAAAAACH5BAEKAAEALAAAAAABAAEAAAICTAEAOw==\" data-orig-src=\"..\/wp-content\/uploads\/2021\/12\/step-4-icon.png\" \/><\/div>\n\t\t<div class=\"header-hold\">\n\t\t\t<span>Korak 4<\/span>\n\t\t\t<h3>Po\u010dinjemo!<\/h3>\n\t\t<\/div>\n\t\t<p>Avantura kre\u0107e. Uz va\u0161u \u017eelju, na\u0161u ekspertzu i podr\u0161ka idemo da dosignemo \u017eeljene ciljeve i ostvarimo potencijal. <\/p>\n\t<\/div>\n<\/div><\/div><style type=\"text\/css\">.fusion-body .fusion-builder-column-1{width:100% !important;margin-top : 0px;margin-bottom : 20px;}.fusion-builder-column-1 > .fusion-column-wrapper {padding-top : 0px !important;padding-right : 0px !important;margin-right : 1.92%;padding-bottom : 0px !important;padding-left : 0px !important;margin-left : 1.92%;}@media only screen and (max-width:1024px) {.fusion-body .fusion-builder-column-1{width:100% !important;order : 0;}.fusion-builder-column-1 > .fusion-column-wrapper {margin-right : 1.92%;margin-left : 1.92%;}}@media only screen and (max-width:640px) {.fusion-body .fusion-builder-column-1{width:100% !important;order : 0;}.fusion-builder-column-1 > .fusion-column-wrapper {margin-right : 1.92%;margin-left : 1.92%;}}<\/style><\/div><\/div><style type=\"text\/css\">.fusion-body .fusion-flex-container.fusion-builder-row-2{ padding-top : 0px;margin-top : 0px;padding-right : 0px;padding-bottom : 0px;margin-bottom : 0px;padding-left : 0px;}<\/style><\/div><div class=\"fusion-fullwidth fullwidth-box fusion-builder-row-3 fusion-flex-container startup-partner-container nonhundred-percent-fullwidth non-hundred-percent-height-scrolling\" style=\"background-color: rgba(255,255,255,0);background-position: center center;background-repeat: no-repeat;border-width: 0px 0px 0px 0px;border-color:#e2e2e2;border-style:solid;\" ><div class=\"fusion-builder-row fusion-row fusion-flex-align-items-flex-start\" style=\"max-width:1248px;margin-left: calc(-4% \/ 2 );margin-right: calc(-4% \/ 2 );\"><div class=\"fusion-layout-column fusion_builder_column fusion-builder-column-2 fusion_builder_column_1_1 1_1 fusion-flex-column\"><div class=\"fusion-column-wrapper fusion-flex-justify-content-flex-start fusion-content-layout-column\" style=\"background-position:left top;background-repeat:no-repeat;-webkit-background-size:cover;-moz-background-size:cover;-o-background-size:cover;background-size:cover;padding: 0px 0px 0px 0px;\"><div class=\"startup-partner-flex\">\n\t<div class=\"startup-box\">\n\t\t<div class=\"img-holder\"><img class=\"lazyload\" src=\"data:image\/gif;base64,R0lGODlhAQABAAAAACH5BAEKAAEALAAAAAABAAEAAAICTAEAOw==\" data-orig-src=\"..\/wp-content\/uploads\/2021\/12\/launching-icon.png\" \/><\/div>\n\t\t<h3>Pokrec\u0301ete svoj startup?<\/h3>\n\t\t<p>Ukoliko pokre\u0107ete svoj startap ili imate ideju koju \u017eelite da realizujete, prijavite se kako bismo zajedno validirali va\u0161 biznis model.<\/p>\n\t\t<a class=\"color-btn\" href=\"https:\/\/tsv.fund\/sr\/apply-as-startup\/\">Prijavite se<\/a>\n\t<\/div>\n\t<div class=\"partner-box\">\n\t\t<div class=\"img-holder\"><img class=\"lazyload\" src=\"data:image\/gif;base64,R0lGODlhAQABAAAAACH5BAEKAAEALAAAAAABAAEAAAICTAEAOw==\" data-orig-src=\"..\/wp-content\/uploads\/2021\/12\/partner-icon.png\" \/><\/div>\n\t\t<h3>Investirajte kao partner.<\/h3>\n\t\t<p>Bilo da ste iskusni investitor ili tek \u017eelite da zakora\u010dite u svet startap investicija, otvoreni smo za saradnje.<\/p>\n\t\t<a class=\"color-btn\" href=\"https:\/\/tsv.fund\/sr\/apply-as-investitor\/\">Prijavite se<\/a>\n\t<\/div>\n<\/div><\/div><style type=\"text\/css\">.fusion-body .fusion-builder-column-2{width:100% !important;margin-top : 0px;margin-bottom : 20px;}.fusion-builder-column-2 > .fusion-column-wrapper {padding-top : 0px !important;padding-right : 0px !important;margin-right : 1.92%;padding-bottom : 0px !important;padding-left : 0px !important;margin-left : 1.92%;}@media only screen and (max-width:1024px) {.fusion-body .fusion-builder-column-2{width:100% !important;order : 0;}.fusion-builder-column-2 > .fusion-column-wrapper {margin-right : 1.92%;margin-left : 1.92%;}}@media only screen and (max-width:640px) {.fusion-body .fusion-builder-column-2{width:100% !important;order : 0;}.fusion-builder-column-2 > .fusion-column-wrapper {margin-right : 1.92%;margin-left : 1.92%;}}<\/style><\/div><\/div><style type=\"text\/css\">.fusion-body .fusion-flex-container.fusion-builder-row-3{ padding-top : 0px;margin-top : 0px;padding-right : 0px;padding-bottom : 0px;margin-bottom : 0px;padding-left : 0px;}<\/style><\/div><div class=\"fusion-fullwidth fullwidth-box fusion-builder-row-4 fusion-flex-container trusties-container nonhundred-percent-fullwidth non-hundred-percent-height-scrolling\" style=\"background-color: rgba(255,255,255,0);background-position: center center;background-repeat: no-repeat;border-width: 0px 0px 0px 0px;border-color:#e2e2e2;border-style:solid;\" ><div class=\"fusion-builder-row fusion-row fusion-flex-align-items-flex-start\" style=\"max-width:1248px;margin-left: calc(-4% \/ 2 );margin-right: calc(-4% \/ 2 );\"><div class=\"fusion-layout-column fusion_builder_column fusion-builder-column-3 fusion_builder_column_1_1 1_1 fusion-flex-column\"><div class=\"fusion-column-wrapper fusion-flex-justify-content-flex-start fusion-content-layout-column\" style=\"background-position:left top;background-repeat:no-repeat;-webkit-background-size:cover;-moz-background-size:cover;-o-background-size:cover;background-size:cover;padding: 0px 0px 0px 0px;\"><div class=\"trusties-box\">\n  <h2 class=\"colored-heading\">Our trusties<\/h2>\n  <div class=\"logos-flex\">\n    <div class=\"one-logo\">\n        <img class=\"lazyload\" src=\"data:image\/gif;base64,R0lGODlhAQABAAAAACH5BAEKAAEALAAAAAABAAEAAAICTAEAOw==\" data-orig-src=\"..\/wp-content\/uploads\/2021\/12\/logo-01.png\" alt=\"\" \/>\n    <\/div>\n\t<div class=\"one-logo\">\n        <img class=\"lazyload\" src=\"data:image\/gif;base64,R0lGODlhAQABAAAAACH5BAEKAAEALAAAAAABAAEAAAICTAEAOw==\" data-orig-src=\"..\/wp-content\/uploads\/2021\/12\/logo-03.png\" alt=\"\" \/>\n    <\/div>\n\t<div class=\"one-logo\">\n        <img class=\"lazyload\" src=\"data:image\/gif;base64,R0lGODlhAQABAAAAACH5BAEKAAEALAAAAAABAAEAAAICTAEAOw==\" data-orig-src=\"..\/wp-content\/uploads\/2021\/12\/logo-04.png\" alt=\"\" \/>\n    <\/div>\n\t<div class=\"one-logo\">\n        <img class=\"lazyload\" src=\"data:image\/gif;base64,R0lGODlhAQABAAAAACH5BAEKAAEALAAAAAABAAEAAAICTAEAOw==\" data-orig-src=\"..\/wp-content\/uploads\/2021\/12\/logo-05.png\" alt=\"\" \/>\n    <\/div>\n\t<div class=\"one-logo\">\n        <img class=\"lazyload\" src=\"data:image\/gif;base64,R0lGODlhAQABAAAAACH5BAEKAAEALAAAAAABAAEAAAICTAEAOw==\" data-orig-src=\"..\/wp-content\/uploads\/2021\/12\/logo-07.png\" alt=\"\" \/>\n    <\/div>\n\t<div class=\"one-logo\">\n        <img class=\"lazyload\" src=\"data:image\/gif;base64,R0lGODlhAQABAAAAACH5BAEKAAEALAAAAAABAAEAAAICTAEAOw==\" data-orig-src=\"..\/wp-content\/uploads\/2021\/12\/logo-13.png\" alt=\"\" \/>\n    <\/div>\n  <\/div>\n<\/div><\/div><style type=\"text\/css\">.fusion-body .fusion-builder-column-3{width:100% !important;margin-top : 0px;margin-bottom : 20px;}.fusion-builder-column-3 > .fusion-column-wrapper {padding-top : 0px !important;padding-right : 0px !important;margin-right : 1.92%;padding-bottom : 0px !important;padding-left : 0px !important;margin-left : 1.92%;}@media only screen and (max-width:1024px) {.fusion-body .fusion-builder-column-3{width:100% !important;order : 0;}.fusion-builder-column-3 > .fusion-column-wrapper {margin-right : 1.92%;margin-left : 1.92%;}}@media only screen and (max-width:640px) {.fusion-body .fusion-builder-column-3{width:100% !important;order : 0;}.fusion-builder-column-3 > .fusion-column-wrapper {margin-right : 1.92%;margin-left : 1.92%;}}<\/style><\/div><\/div><style type=\"text\/css\">.fusion-body .fusion-flex-container.fusion-builder-row-4{ padding-top : 0px;margin-top : 0px;padding-right : 0px;padding-bottom : 0px;margin-bottom : 0px;padding-left : 0px;}<\/style><\/div><\/p>","protected":false},"excerpt":{"rendered":"","protected":false},"author":1,"featured_media":0,"parent":0,"menu_order":0,"comment_status":"closed","ping_status":"closed","template":"","meta":[],"_links":{"self":[{"href":"https:\/\/tsv.fund\/sr\/wp-json\/wp\/v2\/pages\/26"}],"collection":[{"href":"https:\/\/tsv.fund\/sr\/wp-json\/wp\/v2\/pages"}],"about":[{"href":"https:\/\/tsv.fund\/sr\/wp-json\/wp\/v2\/types\/page"}],"author":[{"embeddable":true,"href":"https:\/\/tsv.fund\/sr\/wp-json\/wp\/v2\/users\/1"}],"replies":[{"embeddable":true,"href":"https:\/\/tsv.fund\/sr\/wp-json\/wp\/v2\/comments?post=26"}],"version-history":[{"count":5,"href":"https:\/\/tsv.fund\/sr\/wp-json\/wp\/v2\/pages\/26\/revisions"}],"predecessor-version":[{"id":498,"href":"https:\/\/tsv.fund\/sr\/wp-json\/wp\/v2\/pages\/26\/revisions\/498"}],"wp:attachment":[{"href":"https:\/\/tsv.fund\/sr\/wp-json\/wp\/v2\/media?parent=26"}],"curies":[{"name":"wp","href":"https:\/\/api.w.org\/{rel}","templated":true}]}}